{"id":540,"date":"2022-05-04T08:48:47","date_gmt":"2022-05-04T08:48:47","guid":{"rendered":"https:\/\/www.canbe.farm\/product\/huile-de-cbd-belge-5\/"},"modified":"2023-06-09T09:23:36","modified_gmt":"2023-06-09T09:23:36","slug":"huile-de-cbd-belge-5","status":"publish","type":"product","link":"https:\/\/www.canbe.farm\/fr\/produit\/huile-de-cbd-belge-5\/","title":{"rendered":"Huile de CBD 5% (10ml)"},"content":{"rendered":"<p><\/p>\n","protected":false},"excerpt":{"rendered":"<p>Premier CBD formul\u00e9 avec de l\u2019huile de chanvre belge et locale.<\/p>\n<p>&nbsp;<\/p>\n<p>La s\u00e9r\u00e9nit\u00e9 de la nature dans un flacon (10ml). Effet d&#8217;entourage, broad spectrum.<\/p>\n<p>Notre laboratoire vous propose cette huile aux propri\u00e9t\u00e9s bio actives \u00e0 base de plantes d\u2019origine naturelle.<\/p>\n<p>L\u2019essence de l&#8217;huile de chanvre botanique r\u00e9colt\u00e9e avec soin en Belgique.<\/p>\n<p>Ingr\u00e9dients: Extrait de feuille de chanvre (Cannabis Sativa L.), Huile de chanvre, Belge. &lt;0,0% THC<\/p>\n<p>&nbsp;<\/p>\n<p>Utilisez-le dans les moments de r\u00e9cup\u00e9ration et de d\u00e9tente pour maximiser votre zenitude et se sentir mieux dans sa peau.<\/p>\n<p>&nbsp;<\/p>\n<p>Pour rappel, le CBD fait partie des nombreux compos\u00e9s contenus dans la plante de chanvre. Contrairement au THC, le CBD est un cannabino\u00efde non psychoactif. Il n\u2019y a donc aucun risque d\u2019accoutumance lors de l\u2019utilisation de l\u2019huile de CBD.<\/p>\n<p>Notre objectif est de devenir autonomes, mais nos produits peuvent contenir des extraits provenant de sources import\u00e9es. Ce produit n\u2019est pas destin\u00e9 \u00e0 soigner, gu\u00e9rir ou pr\u00e9venir quelconque maladie. Usage topique. Aucune all\u00e9gation m\u00e9dicale.<\/p>\n","protected":false},"featured_media":513,"template":"","meta":[],"product_cat":[38],"product_tag":[],"yoast_head":"<!-- This site is optimized with the Yoast SEO plugin v20.2.1 - https:\/\/yoast.com\/wordpress\/plugins\/seo\/ -->\n<title>Huile de CBD 5% (10ml) - CANBE<\/title>\n<meta name=\"description\" content=\"Huile de chanvre Cannabis Sativa 5% CBD d&#039;origine naturelle puissante pure de qualit\u00e9 sup\u00e9rieure enti\u00e8rement bio active, naturelle, \u00e0 large spectre, ingr\u00e9dient d&#039;huile belge locale\" \/>\n<meta name=\"robots\" content=\"index, follow, max-snippet:-1, max-image-preview:large, max-video-preview:-1\" \/>\n<link rel=\"canonical\" href=\"https:\/\/www.canbe.farm\/product\/belgian-cbd-oil-5\/\" \/>\n<meta property=\"og:locale\" content=\"fr_FR\" \/>\n<meta property=\"og:type\" content=\"article\" \/>\n<meta property=\"og:title\" content=\"Huile de CBD 5% (10ml) - CANBE\" \/>\n<meta property=\"og:description\" content=\"Huile de chanvre Cannabis Sativa 5% CBD d&#039;origine naturelle puissante pure de qualit\u00e9 sup\u00e9rieure enti\u00e8rement bio active, naturelle, \u00e0 large spectre, ingr\u00e9dient d&#039;huile belge locale\" \/>\n<meta property=\"og:url\" content=\"https:\/\/www.canbe.farm\/product\/belgian-cbd-oil-5\/\" \/>\n<meta property=\"og:site_name\" content=\"CANBE\" \/>\n<meta property=\"article:publisher\" content=\"https:\/\/www.facebook.com\/canbepremiumcbd\" \/>\n<meta property=\"article:modified_time\" content=\"2023-06-09T09:23:36+00:00\" \/>\n<meta property=\"og:image\" content=\"https:\/\/www.canbe.farm\/wp-content\/uploads\/2022\/05\/canbe-huile-cbd-5pourcents.webp\" \/>\n\t<meta property=\"og:image:width\" content=\"1280\" \/>\n\t<meta property=\"og:image:height\" content=\"953\" \/>\n\t<meta property=\"og:image:type\" content=\"image\/webp\" \/>\n<meta name=\"twitter:card\" content=\"summary_large_image\" \/>\n<script type=\"application\/ld+json\" class=\"yoast-schema-graph\">{\"@context\":\"https:\/\/schema.org\",\"@graph\":[{\"@type\":\"WebPage\",\"@id\":\"https:\/\/www.canbe.farm\/product\/belgian-cbd-oil-5\/\",\"url\":\"https:\/\/www.canbe.farm\/product\/belgian-cbd-oil-5\/\",\"name\":\"Huile de CBD 5% (10ml) - CANBE\",\"isPartOf\":{\"@id\":\"https:\/\/www.canbe.farm\/#website\"},\"datePublished\":\"2022-05-04T08:48:47+00:00\",\"dateModified\":\"2023-06-09T09:23:36+00:00\",\"description\":\"Huile de chanvre Cannabis Sativa 5% CBD d'origine naturelle puissante pure de qualit\u00e9 sup\u00e9rieure enti\u00e8rement bio active, naturelle, \u00e0 large spectre, ingr\u00e9dient d'huile belge locale\",\"breadcrumb\":{\"@id\":\"https:\/\/www.canbe.farm\/product\/belgian-cbd-oil-5\/#breadcrumb\"},\"inLanguage\":\"fr-FR\",\"potentialAction\":[{\"@type\":\"ReadAction\",\"target\":[\"https:\/\/www.canbe.farm\/product\/belgian-cbd-oil-5\/\"]}]},{\"@type\":\"BreadcrumbList\",\"@id\":\"https:\/\/www.canbe.farm\/product\/belgian-cbd-oil-5\/#breadcrumb\",\"itemListElement\":[{\"@type\":\"ListItem\",\"position\":1,\"name\":\"Home\",\"item\":\"https:\/\/www.canbe.farm\/\"},{\"@type\":\"ListItem\",\"position\":2,\"name\":\"Boutique\",\"item\":\"https:\/\/www.canbe.farm\/fr\/boutique\/\"},{\"@type\":\"ListItem\",\"position\":3,\"name\":\"Huile de CBD 5% (10ml)\"}]},{\"@type\":\"WebSite\",\"@id\":\"https:\/\/www.canbe.farm\/#website\",\"url\":\"https:\/\/www.canbe.farm\/\",\"name\":\"CANBE\",\"description\":\"Natural CBD Oil\",\"publisher\":{\"@id\":\"https:\/\/www.canbe.farm\/#organization\"},\"potentialAction\":[{\"@type\":\"SearchAction\",\"target\":{\"@type\":\"EntryPoint\",\"urlTemplate\":\"https:\/\/www.canbe.farm\/?s={search_term_string}\"},\"query-input\":\"required name=search_term_string\"}],\"inLanguage\":\"fr-FR\"},{\"@type\":\"Organization\",\"@id\":\"https:\/\/www.canbe.farm\/#organization\",\"name\":\"CANBE\",\"url\":\"https:\/\/www.canbe.farm\/\",\"logo\":{\"@type\":\"ImageObject\",\"inLanguage\":\"fr-FR\",\"@id\":\"https:\/\/www.canbe.farm\/#\/schema\/logo\/image\/\",\"url\":\"https:\/\/i0.wp.com\/www.canbe.farm\/wp-content\/uploads\/2021\/01\/Logo_Couleur.png?fit=3218%2C3824&ssl=1\",\"contentUrl\":\"https:\/\/i0.wp.com\/www.canbe.farm\/wp-content\/uploads\/2021\/01\/Logo_Couleur.png?fit=3218%2C3824&ssl=1\",\"width\":3218,\"height\":3824,\"caption\":\"CANBE\"},\"image\":{\"@id\":\"https:\/\/www.canbe.farm\/#\/schema\/logo\/image\/\"},\"sameAs\":[\"https:\/\/www.facebook.com\/canbepremiumcbd\",\"https:\/\/www.instagram.com\/canbe_cbd\/\",\"https:\/\/www.linkedin.com\/company\/canbe\/about\/\"]}]}<\/script>\n<!-- \/ Yoast SEO plugin. -->","yoast_head_json":{"title":"Huile de CBD 5% (10ml) - CANBE","description":"Huile de chanvre Cannabis Sativa 5% CBD d'origine naturelle puissante pure de qualit\u00e9 sup\u00e9rieure enti\u00e8rement bio active, naturelle, \u00e0 large spectre, ingr\u00e9dient d'huile belge locale","robots":{"index":"index","follow":"follow","max-snippet":"max-snippet:-1","max-image-preview":"max-image-preview:large","max-video-preview":"max-video-preview:-1"},"canonical":"https:\/\/www.canbe.farm\/product\/belgian-cbd-oil-5\/","og_locale":"fr_FR","og_type":"article","og_title":"Huile de CBD 5% (10ml) - CANBE","og_description":"Huile de chanvre Cannabis Sativa 5% CBD d'origine naturelle puissante pure de qualit\u00e9 sup\u00e9rieure enti\u00e8rement bio active, naturelle, \u00e0 large spectre, ingr\u00e9dient d'huile belge locale","og_url":"https:\/\/www.canbe.farm\/product\/belgian-cbd-oil-5\/","og_site_name":"CANBE","article_publisher":"https:\/\/www.facebook.com\/canbepremiumcbd","article_modified_time":"2023-06-09T09:23:36+00:00","og_image":[{"width":1280,"height":953,"url":"https:\/\/www.canbe.farm\/wp-content\/uploads\/2022\/05\/canbe-huile-cbd-5pourcents.webp","type":"image\/webp"}],"twitter_card":"summary_large_image","schema":{"@context":"https:\/\/schema.org","@graph":[{"@type":"WebPage","@id":"https:\/\/www.canbe.farm\/product\/belgian-cbd-oil-5\/","url":"https:\/\/www.canbe.farm\/product\/belgian-cbd-oil-5\/","name":"Huile de CBD 5% (10ml) - CANBE","isPartOf":{"@id":"https:\/\/www.canbe.farm\/#website"},"datePublished":"2022-05-04T08:48:47+00:00","dateModified":"2023-06-09T09:23:36+00:00","description":"Huile de chanvre Cannabis Sativa 5% CBD d'origine naturelle puissante pure de qualit\u00e9 sup\u00e9rieure enti\u00e8rement bio active, naturelle, \u00e0 large spectre, ingr\u00e9dient d'huile belge locale","breadcrumb":{"@id":"https:\/\/www.canbe.farm\/product\/belgian-cbd-oil-5\/#breadcrumb"},"inLanguage":"fr-FR","potentialAction":[{"@type":"ReadAction","target":["https:\/\/www.canbe.farm\/product\/belgian-cbd-oil-5\/"]}]},{"@type":"BreadcrumbList","@id":"https:\/\/www.canbe.farm\/product\/belgian-cbd-oil-5\/#breadcrumb","itemListElement":[{"@type":"ListItem","position":1,"name":"Home","item":"https:\/\/www.canbe.farm\/"},{"@type":"ListItem","position":2,"name":"Boutique","item":"https:\/\/www.canbe.farm\/fr\/boutique\/"},{"@type":"ListItem","position":3,"name":"Huile de CBD 5% (10ml)"}]},{"@type":"WebSite","@id":"https:\/\/www.canbe.farm\/#website","url":"https:\/\/www.canbe.farm\/","name":"CANBE","description":"Natural CBD Oil","publisher":{"@id":"https:\/\/www.canbe.farm\/#organization"},"potentialAction":[{"@type":"SearchAction","target":{"@type":"EntryPoint","urlTemplate":"https:\/\/www.canbe.farm\/?s={search_term_string}"},"query-input":"required name=search_term_string"}],"inLanguage":"fr-FR"},{"@type":"Organization","@id":"https:\/\/www.canbe.farm\/#organization","name":"CANBE","url":"https:\/\/www.canbe.farm\/","logo":{"@type":"ImageObject","inLanguage":"fr-FR","@id":"https:\/\/www.canbe.farm\/#\/schema\/logo\/image\/","url":"https:\/\/i0.wp.com\/www.canbe.farm\/wp-content\/uploads\/2021\/01\/Logo_Couleur.png?fit=3218%2C3824&ssl=1","contentUrl":"https:\/\/i0.wp.com\/www.canbe.farm\/wp-content\/uploads\/2021\/01\/Logo_Couleur.png?fit=3218%2C3824&ssl=1","width":3218,"height":3824,"caption":"CANBE"},"image":{"@id":"https:\/\/www.canbe.farm\/#\/schema\/logo\/image\/"},"sameAs":["https:\/\/www.facebook.com\/canbepremiumcbd","https:\/\/www.instagram.com\/canbe_cbd\/","https:\/\/www.linkedin.com\/company\/canbe\/about\/"]}]}},"_links":{"self":[{"href":"https:\/\/www.canbe.farm\/fr\/wp-json\/wp\/v2\/product\/540"}],"collection":[{"href":"https:\/\/www.canbe.farm\/fr\/wp-json\/wp\/v2\/product"}],"about":[{"href":"https:\/\/www.canbe.farm\/fr\/wp-json\/wp\/v2\/types\/product"}],"wp:featuredmedia":[{"embeddable":true,"href":"https:\/\/www.canbe.farm\/fr\/wp-json\/wp\/v2\/media\/513"}],"wp:attachment":[{"href":"https:\/\/www.canbe.farm\/fr\/wp-json\/wp\/v2\/media?parent=540"}],"wp:term":[{"taxonomy":"product_cat","embeddable":true,"href":"https:\/\/www.canbe.farm\/fr\/wp-json\/wp\/v2\/product_cat?post=540"},{"taxonomy":"product_tag","embeddable":true,"href":"https:\/\/www.canbe.farm\/fr\/wp-json\/wp\/v2\/product_tag?post=540"}],"curies":[{"name":"wp","href":"https:\/\/api.w.org\/{rel}","templated":true}]}}