{"id":1322,"date":"2023-03-21T17:57:47","date_gmt":"2023-03-21T17:57:47","guid":{"rendered":"https:\/\/www.canbe.farm\/cbd\/"},"modified":"2023-08-31T08:55:22","modified_gmt":"2023-08-31T08:55:22","slug":"cbd","status":"publish","type":"page","link":"https:\/\/www.canbe.farm\/fr\/cbd\/","title":{"rendered":"CBD"},"content":{"rendered":"<section class=\"wpb-content-wrapper\"><p>[vc_row css_animation=&#8221;&#8221; row_type=&#8221;row&#8221; use_row_as_full_screen_section=&#8221;no&#8221; type=&#8221;grid&#8221; angled_section=&#8221;no&#8221; text_align=&#8221;left&#8221; background_image_as_pattern=&#8221;without_pattern&#8221; z_index=&#8221;&#8221; padding_bottom=&#8221;75&#8243;][vc_column][vc_column_text]<\/p>\n<h1 style=\"text-align: center;\">Qu&#8217;est-ce que le CBD ?<\/h1>\n<p>&nbsp;<br \/>\n[\/vc_column_text][vc_empty_space][vc_column_text]<\/p>\n<h2>Vous avez entendu parler du CBD, mais vous \u00eates curieux d\u2019en savoir plus ?<\/h2>\n<p>Cannabidiol (CBD) est un cannabino\u00efde naturellement pr\u00e9sent dans les plantes de cannabis, en particulier dans la plante de chanvre. Contrairement \u00e0 son cousin le THC, le CBD ne provoque pas d&#8217;\u201deffet high\u201d ni d\u2019effets psychotropes ou de d\u00e9pendance et est l\u00e9gal en Europe. Le CBD est l\u2019un des principaux compos\u00e9s trouv\u00e9s dans le chanvre, ainsi que les flavono\u00efdes et les terp\u00e9no\u00efdes.<\/p>\n<h2>Que dit la science \u00e0 propos du cannabidiol ?<\/h2>\n<p>Le CBD interagit avec les r\u00e9cepteurs du syst\u00e8me nerveux central CB1 et CB2, qui font partie du syst\u00e8me endocannabino\u00efde. Bien que le CBD ait une faible affinit\u00e9 avec ces r\u00e9cepteurs, il a \u00e9t\u00e9 signal\u00e9 qu\u2019il avait des avantages int\u00e9ressants pour le corps. En particulier, certaines \u00e9tudes ont sugg\u00e9r\u00e9 que le CBD peut \u00eatre utile pour r\u00e9duire l\u2019anxi\u00e9t\u00e9 et am\u00e9liorer la qualit\u00e9 du sommeil.<\/p>\n<p>Les sources scientifiques qui fournissent des preuves des avantages potentiels du CBD comprennent l\u2019\u00e9tude de Pertwee de 1993 sur l\u2019existence des r\u00e9cepteurs cannabino\u00efdes et l\u2019\u00e9tude de Devane et al. de 1992 sur l\u2019isolement et la structure d\u2019un constituant c\u00e9r\u00e9bral qui se lie au r\u00e9cepteur cannabino\u00efde. Des \u00e9tudes plus r\u00e9centes, telles que \u201cCannabidiol in Anxiety and Sleep: A Large Case Series\u201d de Shannon et al. (2019) publi\u00e9e dans The Permanente Journal et \u201cThe endocannabinoid system: Essential and mysterious\u201d de Grinspoon MD (2021) publi\u00e9e dans Harvard Health, ont explor\u00e9 plus en d\u00e9tail les avantages th\u00e9rapeutiques potentiels du CBD, en particulier dans les domaines de l\u2019anxi\u00e9t\u00e9 et du sommeil. Selon Harvard Health, des \u00e9tudes sugg\u00e8rent que le CBD peut aider \u00e0 s\u2019endormir et \u00e0 rester endormi.<\/p>\n<p>Ces \u00e9tudes sugg\u00e8rent que le CBD peut avoir des effets positifs sur le corps sans causer les effets psychoactifs du THC. Cependant, il est important de noter que le CBD doit \u00eatre utilis\u00e9 sous la supervision d\u2019un professionnel de la sant\u00e9 et n\u2019est pas destin\u00e9 \u00e0 diagnostiquer, traiter ou gu\u00e9rir une condition.[\/vc_column_text][\/vc_column][\/vc_row][vc_row css_animation=&#8221;&#8221; row_type=&#8221;row&#8221; use_row_as_full_screen_section=&#8221;no&#8221; type=&#8221;grid&#8221; angled_section=&#8221;no&#8221; text_align=&#8221;left&#8221; background_image_as_pattern=&#8221;without_pattern&#8221; z_index=&#8221;&#8221; css=&#8221;.vc_custom_1678179793205{background-color: #f5f5f5 !important;}&#8221; padding_top=&#8221;50&#8243; padding_bottom=&#8221;50&#8243;][vc_column][vc_column_text]<\/p>\n<h2 style=\"text-align: center;\">Vous voulez en savoir plus sur le CBD ?<\/h2>\n<p>&nbsp;<br \/>\n[\/vc_column_text][vc_empty_space height=&#8221;50px&#8221;]<div class='latest_post_two_holder four_columns'><ul><li class=\"clearfix\"><div class=\"latest_post_two_image\"><a itemprop=\"url\" href=\"https:\/\/www.canbe.farm\/fr\/retrouvez-votre-serenite-naturelle-grace-aux-proprietes-apaisantes-du-cbd\/\"><img width=\"376\" height=\"360\" src=\"https:\/\/i0.wp.com\/www.canbe.farm\/wp-content\/uploads\/2023\/03\/Zenitude-and-Anxiety.png?fit=376%2C360&amp;ssl=1\" class=\"attachment-portfolio_masonry_with_space size-portfolio_masonry_with_space wp-post-image\" alt=\"tranquility and unwind through moments of relaxation\" decoding=\"async\" loading=\"lazy\" srcset=\"https:\/\/i0.wp.com\/www.canbe.farm\/wp-content\/uploads\/2023\/03\/Zenitude-and-Anxiety.png?w=376&amp;ssl=1 376w, https:\/\/i0.wp.com\/www.canbe.farm\/wp-content\/uploads\/2023\/03\/Zenitude-and-Anxiety.png?resize=300%2C287&amp;ssl=1 300w\" sizes=\"(max-width: 376px) 100vw, 376px\" \/><\/a><\/div><div class=\"latest_post_two_inner\" ><div class=\"latest_post_two_text\"><h5 itemprop=\"name\" class=\"latest_post_two_title entry_title\"><a itemprop=\"url\" href=\"https:\/\/www.canbe.farm\/fr\/retrouvez-votre-serenite-naturelle-grace-aux-proprietes-apaisantes-du-cbd\/\" >Qu&#8217;est-ce qui alimente la discussion g\u00e9n\u00e9ralis\u00e9e autour du CBD ?<\/a><\/h5><div class=\"separator small left \" ><\/div><p itemprop=\"description\" class=\"latest_post_two_excerpt\" >[vc_row css_animation=&#8221;&#8221; row_type=&#82<\/p><\/div><div class=\"latest_post_two_info\" ><div class=\"latest_post_two_info_inner\" ><div class=\"post_info_author\"><img alt='Author Image' src='https:\/\/secure.gravatar.com\/avatar\/bf845d673de16a944bc3f71ef559740a?s=30&#038;d=mm&#038;r=g' srcset='https:\/\/secure.gravatar.com\/avatar\/bf845d673de16a944bc3f71ef559740a?s=60&#038;d=mm&#038;r=g 2x' class='avatar avatar-30 photo' height='30' width='30' loading='lazy' decoding='async'\/><span class=\"post_info_author_name\">Codettesal<\/span><\/div><div itemprop=\"dateCreated\" class=\"post_info_date entry_date updated\">26 mars, 2023<meta itemprop=\"interactionCount\" content=\"UserComments: <?php echo get_comments_number(qode_get_page_id()); ?>\"\/><\/div><\/div><\/div><\/div><\/li><li class=\"clearfix\"><div class=\"latest_post_two_image\"><a itemprop=\"url\" href=\"https:\/\/www.canbe.farm\/fr\/quand-devrait-on-envisager-dutiliser-le-cbd\/\"><img width=\"700\" height=\"700\" src=\"https:\/\/i0.wp.com\/www.canbe.farm\/wp-content\/uploads\/2023\/03\/320020011_843518726974241_3039213554448981858_n.jpg?fit=700%2C700&amp;ssl=1\" class=\"attachment-portfolio_masonry_with_space size-portfolio_masonry_with_space wp-post-image\" alt=\"Le liens entre le CBD et la tranquillit\u00e9 d&#039;esprit\" decoding=\"async\" loading=\"lazy\" srcset=\"https:\/\/i0.wp.com\/www.canbe.farm\/wp-content\/uploads\/2023\/03\/320020011_843518726974241_3039213554448981858_n.jpg?w=1080&amp;ssl=1 1080w, https:\/\/i0.wp.com\/www.canbe.farm\/wp-content\/uploads\/2023\/03\/320020011_843518726974241_3039213554448981858_n.jpg?resize=300%2C300&amp;ssl=1 300w, https:\/\/i0.wp.com\/www.canbe.farm\/wp-content\/uploads\/2023\/03\/320020011_843518726974241_3039213554448981858_n.jpg?resize=1024%2C1024&amp;ssl=1 1024w, https:\/\/i0.wp.com\/www.canbe.farm\/wp-content\/uploads\/2023\/03\/320020011_843518726974241_3039213554448981858_n.jpg?resize=150%2C150&amp;ssl=1 150w, https:\/\/i0.wp.com\/www.canbe.farm\/wp-content\/uploads\/2023\/03\/320020011_843518726974241_3039213554448981858_n.jpg?resize=768%2C768&amp;ssl=1 768w, https:\/\/i0.wp.com\/www.canbe.farm\/wp-content\/uploads\/2023\/03\/320020011_843518726974241_3039213554448981858_n.jpg?resize=570%2C570&amp;ssl=1 570w, https:\/\/i0.wp.com\/www.canbe.farm\/wp-content\/uploads\/2023\/03\/320020011_843518726974241_3039213554448981858_n.jpg?resize=500%2C500&amp;ssl=1 500w, https:\/\/i0.wp.com\/www.canbe.farm\/wp-content\/uploads\/2023\/03\/320020011_843518726974241_3039213554448981858_n.jpg?resize=1000%2C1000&amp;ssl=1 1000w, https:\/\/i0.wp.com\/www.canbe.farm\/wp-content\/uploads\/2023\/03\/320020011_843518726974241_3039213554448981858_n.jpg?resize=700%2C700&amp;ssl=1 700w, https:\/\/i0.wp.com\/www.canbe.farm\/wp-content\/uploads\/2023\/03\/320020011_843518726974241_3039213554448981858_n.jpg?resize=600%2C600&amp;ssl=1 600w, https:\/\/i0.wp.com\/www.canbe.farm\/wp-content\/uploads\/2023\/03\/320020011_843518726974241_3039213554448981858_n.jpg?resize=100%2C100&amp;ssl=1 100w\" sizes=\"(max-width: 700px) 100vw, 700px\" \/><\/a><\/div><div class=\"latest_post_two_inner\" ><div class=\"latest_post_two_text\"><h5 itemprop=\"name\" class=\"latest_post_two_title entry_title\"><a itemprop=\"url\" href=\"https:\/\/www.canbe.farm\/fr\/quand-devrait-on-envisager-dutiliser-le-cbd\/\" >Comment l&#8217;huile de CBD est-elle utilis\u00e9e \u00e0 travers le monde?<\/a><\/h5><div class=\"separator small left \" ><\/div><p itemprop=\"description\" class=\"latest_post_two_excerpt\" >[vc_row css_animation=&#8221;&#8221; row_type=&#82<\/p><\/div><div class=\"latest_post_two_info\" ><div class=\"latest_post_two_info_inner\" ><div class=\"post_info_author\"><img alt='Author Image' src='https:\/\/secure.gravatar.com\/avatar\/bf845d673de16a944bc3f71ef559740a?s=30&#038;d=mm&#038;r=g' srcset='https:\/\/secure.gravatar.com\/avatar\/bf845d673de16a944bc3f71ef559740a?s=60&#038;d=mm&#038;r=g 2x' class='avatar avatar-30 photo' height='30' width='30' loading='lazy' decoding='async'\/><span class=\"post_info_author_name\">Codettesal<\/span><\/div><div itemprop=\"dateCreated\" class=\"post_info_date entry_date updated\">26 mars, 2023<meta itemprop=\"interactionCount\" content=\"UserComments: <?php echo get_comments_number(qode_get_page_id()); ?>\"\/><\/div><\/div><\/div><\/div><\/li><\/ul><\/div>[\/vc_column][\/vc_row][vc_row css_animation=&#8221;&#8221; row_type=&#8221;row&#8221; use_row_as_full_screen_section=&#8221;no&#8221; type=&#8221;grid&#8221; angled_section=&#8221;no&#8221; text_align=&#8221;center&#8221; background_image_as_pattern=&#8221;without_pattern&#8221; z_index=&#8221;&#8221; padding_top=&#8221;80&#8243; padding_bottom=&#8221;150&#8243;][vc_column][vc_row_inner row_type=&#8221;row&#8221; type=&#8221;grid&#8221; text_align=&#8221;center&#8221; css_animation=&#8221;&#8221; css=&#8221;.vc_custom_1679410912907{background-color: #053f3c !important;}&#8221;][vc_column_inner width=&#8221;1\/2&#8243; el_id=&#8221;colcbd&#8221;][vc_single_image image=&#8221;1575&#8243; img_size=&#8221;376&#215;300&#8243; qode_css_animation=&#8221;&#8221;][\/vc_column_inner][vc_column_inner width=&#8221;1\/3&#8243;][vc_empty_space height=&#8221;80px&#8221;][vc_column_text][\/vc_column_text][vc_empty_space]<a  itemprop=\"url\" href=\"https:\/\/www.canbe.farm\/#zenitude\" target=\"_self\"  class=\"qbutton  default\" style=\"\">RETOUR \u00c0 NOTRE PAGE D'ACCUEIL<\/a>[\/vc_column_inner][vc_column_inner width=&#8221;1\/6&#8243;][\/vc_column_inner][\/vc_row_inner][\/vc_column][\/vc_row]<\/p>\n<\/section>","protected":false},"excerpt":{"rendered":"<p>[vc_row css_animation=&#8221;&#8221; row_type=&#8221;row&#8221; use_row_as_full_screen_section=&#8221;no&#8221; type=&#8221;grid&#8221; angled_section=&#8221;no&#8221; text_align=&#8221;left&#8221; background_image_as_pattern=&#8221;without_pattern&#8221; z_index=&#8221;&#8221; padding_bottom=&#8221;75&#8243;][vc_column][vc_column_text] Qu&#8217;est-ce que le CBD ? &nbsp; [\/vc_column_text][vc_empty_space][vc_column_text] Vous avez entendu parler du CBD, mais vous \u00eates curieux d\u2019en savoir plus ? Cannabidiol (CBD) est un cannabino\u00efde naturellement pr\u00e9sent dans les plantes de cannabis, en particulier&#8230;<\/p>\n","protected":false},"author":1,"featured_media":0,"parent":0,"menu_order":0,"comment_status":"closed","ping_status":"closed","template":"full_width.php","meta":[],"yoast_head":"<!-- This site is optimized with the Yoast SEO plugin v20.2.1 - https:\/\/yoast.com\/wordpress\/plugins\/seo\/ -->\n<title>CBD - CANBE<\/title>\n<meta name=\"robots\" content=\"index, follow, max-snippet:-1, max-image-preview:large, max-video-preview:-1\" \/>\n<link rel=\"canonical\" href=\"https:\/\/www.canbe.farm\/cbd\/\" \/>\n<meta property=\"og:locale\" content=\"fr_FR\" \/>\n<meta property=\"og:type\" content=\"article\" \/>\n<meta property=\"og:title\" content=\"CBD - CANBE\" \/>\n<meta property=\"og:description\" content=\"[vc_row css_animation=&#8221;&#8221; row_type=&#8221;row&#8221; use_row_as_full_screen_section=&#8221;no&#8221; type=&#8221;grid&#8221; angled_section=&#8221;no&#8221; text_align=&#8221;left&#8221; background_image_as_pattern=&#8221;without_pattern&#8221; z_index=&#8221;&#8221; padding_bottom=&#8221;75&#8243;][vc_column][vc_column_text] Qu&#8217;est-ce que le CBD ? &nbsp; [\/vc_column_text][vc_empty_space][vc_column_text] Vous avez entendu parler du CBD, mais vous \u00eates curieux d\u2019en savoir plus ? Cannabidiol (CBD) est un cannabino\u00efde naturellement pr\u00e9sent dans les plantes de cannabis, en particulier...\" \/>\n<meta property=\"og:url\" content=\"https:\/\/www.canbe.farm\/cbd\/\" \/>\n<meta property=\"og:site_name\" content=\"CANBE\" \/>\n<meta property=\"article:publisher\" content=\"https:\/\/www.facebook.com\/canbepremiumcbd\" \/>\n<meta property=\"article:modified_time\" content=\"2023-08-31T08:55:22+00:00\" \/>\n<meta name=\"twitter:card\" content=\"summary_large_image\" \/>\n<meta name=\"twitter:label1\" content=\"Dur\u00e9e de lecture estim\u00e9e\" \/>\n\t<meta name=\"twitter:data1\" content=\"2 minutes\" \/>\n<script type=\"application\/ld+json\" class=\"yoast-schema-graph\">{\"@context\":\"https:\/\/schema.org\",\"@graph\":[{\"@type\":\"WebPage\",\"@id\":\"https:\/\/www.canbe.farm\/cbd\/\",\"url\":\"https:\/\/www.canbe.farm\/cbd\/\",\"name\":\"CBD - CANBE\",\"isPartOf\":{\"@id\":\"https:\/\/www.canbe.farm\/#website\"},\"datePublished\":\"2023-03-21T17:57:47+00:00\",\"dateModified\":\"2023-08-31T08:55:22+00:00\",\"breadcrumb\":{\"@id\":\"https:\/\/www.canbe.farm\/cbd\/#breadcrumb\"},\"inLanguage\":\"fr-FR\",\"potentialAction\":[{\"@type\":\"ReadAction\",\"target\":[\"https:\/\/www.canbe.farm\/cbd\/\"]}]},{\"@type\":\"BreadcrumbList\",\"@id\":\"https:\/\/www.canbe.farm\/cbd\/#breadcrumb\",\"itemListElement\":[{\"@type\":\"ListItem\",\"position\":1,\"name\":\"Home\",\"item\":\"https:\/\/www.canbe.farm\/\"},{\"@type\":\"ListItem\",\"position\":2,\"name\":\"CBD\"}]},{\"@type\":\"WebSite\",\"@id\":\"https:\/\/www.canbe.farm\/#website\",\"url\":\"https:\/\/www.canbe.farm\/\",\"name\":\"CANBE\",\"description\":\"Natural CBD Oil\",\"publisher\":{\"@id\":\"https:\/\/www.canbe.farm\/#organization\"},\"potentialAction\":[{\"@type\":\"SearchAction\",\"target\":{\"@type\":\"EntryPoint\",\"urlTemplate\":\"https:\/\/www.canbe.farm\/?s={search_term_string}\"},\"query-input\":\"required name=search_term_string\"}],\"inLanguage\":\"fr-FR\"},{\"@type\":\"Organization\",\"@id\":\"https:\/\/www.canbe.farm\/#organization\",\"name\":\"CANBE\",\"url\":\"https:\/\/www.canbe.farm\/\",\"logo\":{\"@type\":\"ImageObject\",\"inLanguage\":\"fr-FR\",\"@id\":\"https:\/\/www.canbe.farm\/#\/schema\/logo\/image\/\",\"url\":\"https:\/\/i0.wp.com\/www.canbe.farm\/wp-content\/uploads\/2021\/01\/Logo_Couleur.png?fit=3218%2C3824&ssl=1\",\"contentUrl\":\"https:\/\/i0.wp.com\/www.canbe.farm\/wp-content\/uploads\/2021\/01\/Logo_Couleur.png?fit=3218%2C3824&ssl=1\",\"width\":3218,\"height\":3824,\"caption\":\"CANBE\"},\"image\":{\"@id\":\"https:\/\/www.canbe.farm\/#\/schema\/logo\/image\/\"},\"sameAs\":[\"https:\/\/www.facebook.com\/canbepremiumcbd\",\"https:\/\/www.instagram.com\/canbe_cbd\/\",\"https:\/\/www.linkedin.com\/company\/canbe\/about\/\"]}]}<\/script>\n<!-- \/ Yoast SEO plugin. -->","yoast_head_json":{"title":"CBD - CANBE","robots":{"index":"index","follow":"follow","max-snippet":"max-snippet:-1","max-image-preview":"max-image-preview:large","max-video-preview":"max-video-preview:-1"},"canonical":"https:\/\/www.canbe.farm\/cbd\/","og_locale":"fr_FR","og_type":"article","og_title":"CBD - CANBE","og_description":"[vc_row css_animation=&#8221;&#8221; row_type=&#8221;row&#8221; use_row_as_full_screen_section=&#8221;no&#8221; type=&#8221;grid&#8221; angled_section=&#8221;no&#8221; text_align=&#8221;left&#8221; background_image_as_pattern=&#8221;without_pattern&#8221; z_index=&#8221;&#8221; padding_bottom=&#8221;75&#8243;][vc_column][vc_column_text] Qu&#8217;est-ce que le CBD ? &nbsp; [\/vc_column_text][vc_empty_space][vc_column_text] Vous avez entendu parler du CBD, mais vous \u00eates curieux d\u2019en savoir plus ? Cannabidiol (CBD) est un cannabino\u00efde naturellement pr\u00e9sent dans les plantes de cannabis, en particulier...","og_url":"https:\/\/www.canbe.farm\/cbd\/","og_site_name":"CANBE","article_publisher":"https:\/\/www.facebook.com\/canbepremiumcbd","article_modified_time":"2023-08-31T08:55:22+00:00","twitter_card":"summary_large_image","twitter_misc":{"Dur\u00e9e de lecture estim\u00e9e":"2 minutes"},"schema":{"@context":"https:\/\/schema.org","@graph":[{"@type":"WebPage","@id":"https:\/\/www.canbe.farm\/cbd\/","url":"https:\/\/www.canbe.farm\/cbd\/","name":"CBD - CANBE","isPartOf":{"@id":"https:\/\/www.canbe.farm\/#website"},"datePublished":"2023-03-21T17:57:47+00:00","dateModified":"2023-08-31T08:55:22+00:00","breadcrumb":{"@id":"https:\/\/www.canbe.farm\/cbd\/#breadcrumb"},"inLanguage":"fr-FR","potentialAction":[{"@type":"ReadAction","target":["https:\/\/www.canbe.farm\/cbd\/"]}]},{"@type":"BreadcrumbList","@id":"https:\/\/www.canbe.farm\/cbd\/#breadcrumb","itemListElement":[{"@type":"ListItem","position":1,"name":"Home","item":"https:\/\/www.canbe.farm\/"},{"@type":"ListItem","position":2,"name":"CBD"}]},{"@type":"WebSite","@id":"https:\/\/www.canbe.farm\/#website","url":"https:\/\/www.canbe.farm\/","name":"CANBE","description":"Natural CBD Oil","publisher":{"@id":"https:\/\/www.canbe.farm\/#organization"},"potentialAction":[{"@type":"SearchAction","target":{"@type":"EntryPoint","urlTemplate":"https:\/\/www.canbe.farm\/?s={search_term_string}"},"query-input":"required name=search_term_string"}],"inLanguage":"fr-FR"},{"@type":"Organization","@id":"https:\/\/www.canbe.farm\/#organization","name":"CANBE","url":"https:\/\/www.canbe.farm\/","logo":{"@type":"ImageObject","inLanguage":"fr-FR","@id":"https:\/\/www.canbe.farm\/#\/schema\/logo\/image\/","url":"https:\/\/i0.wp.com\/www.canbe.farm\/wp-content\/uploads\/2021\/01\/Logo_Couleur.png?fit=3218%2C3824&ssl=1","contentUrl":"https:\/\/i0.wp.com\/www.canbe.farm\/wp-content\/uploads\/2021\/01\/Logo_Couleur.png?fit=3218%2C3824&ssl=1","width":3218,"height":3824,"caption":"CANBE"},"image":{"@id":"https:\/\/www.canbe.farm\/#\/schema\/logo\/image\/"},"sameAs":["https:\/\/www.facebook.com\/canbepremiumcbd","https:\/\/www.instagram.com\/canbe_cbd\/","https:\/\/www.linkedin.com\/company\/canbe\/about\/"]}]}},"_links":{"self":[{"href":"https:\/\/www.canbe.farm\/fr\/wp-json\/wp\/v2\/pages\/1322"}],"collection":[{"href":"https:\/\/www.canbe.farm\/fr\/wp-json\/wp\/v2\/pages"}],"about":[{"href":"https:\/\/www.canbe.farm\/fr\/wp-json\/wp\/v2\/types\/page"}],"author":[{"embeddable":true,"href":"https:\/\/www.canbe.farm\/fr\/wp-json\/wp\/v2\/users\/1"}],"replies":[{"embeddable":true,"href":"https:\/\/www.canbe.farm\/fr\/wp-json\/wp\/v2\/comments?post=1322"}],"version-history":[{"count":26,"href":"https:\/\/www.canbe.farm\/fr\/wp-json\/wp\/v2\/pages\/1322\/revisions"}],"predecessor-version":[{"id":1590,"href":"https:\/\/www.canbe.farm\/fr\/wp-json\/wp\/v2\/pages\/1322\/revisions\/1590"}],"wp:attachment":[{"href":"https:\/\/www.canbe.farm\/fr\/wp-json\/wp\/v2\/media?parent=1322"}],"curies":[{"name":"wp","href":"https:\/\/api.w.org\/{rel}","templated":true}]}}